{"id":593,"date":"2019-09-30T19:57:14","date_gmt":"2019-09-30T17:57:14","guid":{"rendered":"http:\/\/ecolocourse.paris\/?page_id=593"},"modified":"2019-09-30T19:57:16","modified_gmt":"2019-09-30T17:57:16","slug":"coming-soon","status":"publish","type":"page","link":"https:\/\/ecolocourse.paris\/en\/coming-soon\/","title":{"rendered":"Coming soon"},"content":{"rendered":"\n<div class=\"row border\">\n<div class=\"col-4 col-sm-4 yellow\">\n<\/div>\n<div class=\"col-5 col-sm-5 green\">\n<\/div>\n<div class=\"col-2 col-sm-2 red\">\n<\/div>\n<div class=\"col-1 col-sm-1 purple\">\n<\/div>\n<\/div>\n\n<div class=\"row row-no-margin background-banner\">\n<div id=\"feuilles-1\" data-stellar-background-ratio=\"0.2\">\n<\/div>\n<div id=\"feuilles-2\" data-stellar-background-ratio=\"0.2\">\n<\/div>\n<div id=\"feuilles-3\" data-stellar-background-ratio=\"0.5\">\n<\/div>\n\n<div class=\"col-6 offset-3 col-sm-2 offset-sm-5 text-center align-middle\">\n<img decoding=\"async\" src=\"\/wp-content\/uploads\/2019\/07\/LOGO-2-couleurs.svg\" alt=\"\">\n<\/div>\n\n<div class=\"col-10 offset-1 col-sm-6 offset-sm-3 col-lg-3 offset-lg-8 coming-soon\">\n\n<div class=\"row\">\n\n<p>Our new website is coming soon<\/p>\n<h1>Join the revolution <br><span>100% ecologist<\/span> <br><span>100% digital<\/span><\/h1>\n<p> Nous n&#8217;avons qu&#8217;une plan\u00e8te alors pr\u00e9servons-la ! Parce que c&#8217;est aujourd&#8217;hui que se joue l&#8217;avenir de nos g\u00e9n\u00e9rations futures, nous avons \u00e0 coeur d&#8217;agir au quotidien dans la transition \u00e9cologique.<\/p>\n\n<a href=\"\" class=\"contact\">Contactez-nous<\/a>\n<\/div>\n\n<\/div>\n\n<div class=\"col-6 col-md-6 offset-6 offset-md-6 col-lg-5 offset-lg-7\">\n\n<\/div>\n<\/div>\n","protected":false},"excerpt":{"rendered":"<p>Our new website is coming soon Join the revolution 100% ecologist 100% digital Nous n&#8217;avons qu&#8217;une plan\u00e8te alors pr\u00e9servons-la ! Parce que c&#8217;est aujourd&#8217;hui que se joue l&#8217;avenir de nos g\u00e9n\u00e9rations futures, nous avons \u00e0 coeur d&#8217;agir au quotidien dans la transition \u00e9cologique. Contactez-nous<\/p>\n","protected":false},"author":1,"featured_media":0,"parent":0,"menu_order":0,"comment_status":"closed","ping_status":"closed","template":"","meta":{"footnotes":""},"class_list":["post-593","page","type-page","status-publish","hentry"],"aioseo_notices":[],"_links":{"self":[{"href":"https:\/\/ecolocourse.paris\/en\/wp-json\/wp\/v2\/pages\/593","targetHints":{"allow":["GET"]}}],"collection":[{"href":"https:\/\/ecolocourse.paris\/en\/wp-json\/wp\/v2\/pages"}],"about":[{"href":"https:\/\/ecolocourse.paris\/en\/wp-json\/wp\/v2\/types\/page"}],"author":[{"embeddable":true,"href":"https:\/\/ecolocourse.paris\/en\/wp-json\/wp\/v2\/users\/1"}],"replies":[{"embeddable":true,"href":"https:\/\/ecolocourse.paris\/en\/wp-json\/wp\/v2\/comments?post=593"}],"version-history":[{"count":1,"href":"https:\/\/ecolocourse.paris\/en\/wp-json\/wp\/v2\/pages\/593\/revisions"}],"predecessor-version":[{"id":601,"href":"https:\/\/ecolocourse.paris\/en\/wp-json\/wp\/v2\/pages\/593\/revisions\/601"}],"wp:attachment":[{"href":"https:\/\/ecolocourse.paris\/en\/wp-json\/wp\/v2\/media?parent=593"}],"curies":[{"name":"wp","href":"https:\/\/api.w.org\/{rel}","templated":true}]}}